{"id":191,"date":"2016-03-14T17:09:49","date_gmt":"2016-03-14T15:09:49","guid":{"rendered":"http:\/\/www.terolaine.fi\/?page_id=191"},"modified":"2020-10-01T06:12:25","modified_gmt":"2020-10-01T04:12:25","slug":"konsultointipalvelu","status":"publish","type":"page","link":"https:\/\/terolaine.fi\/?page_id=191","title":{"rendered":"Konsultointipalvelut"},"content":{"rendered":"<p>Konsultointipalvelumme tarjoaa tietoj\u00e4rjestelmien tukipalveluita seuraaviin:<\/p>\n<p>Microsoftin palvelimet ja palvelinohjelmistot, Microsoftin ty\u00f6asemat ja niiss\u00e4 ajettavat sovellukset. Yritysten ja yhteis\u00f6jen l\u00e4hiverkon peruspalvelut ja l\u00e4hiverkon laitteet.<\/p>\n<p>Neuvoja PK-yritysten tarvitsemien palveluiden hankkimiseen. Osaan selitt\u00e4\u00e4 kustannusrakenteet ja tied\u00e4n hintatason tuotteille ja palveluille.<\/p>\n<p>Citrix-tuotteilla toimistosi on siell\u00e4 miss\u00e4 sin\u00e4kin. Me olemme Citrix Solution Advisor, ja olemme erikoistuneet seuraaviin tuotteisiin: Citrix NetScaler &#8482;, Citrix XenApp &#8482;, Citrix XenDesktop &#8482; Citrix ShareFile &#8482;, Citrix XenServer &#8482; ja Citrix Online-tuotteet. Meill\u00e4 on tekniset sertifionnit tuotteisiin.<\/p>\n<p>Voimme esitell\u00e4 tyypillisimpi\u00e4 virtualisointiratkaisuja tuotteineen esittely-ymp\u00e4rist\u00f6jen avulla. Kykenemme toteuttamaan my\u00f6s demovaiheen ymp\u00e4rist\u00f6n (PoC), jossa asiakas p\u00e4\u00e4see kokeilemaan omalla sovelluksellaan konseptia.<\/p>\n","protected":false},"excerpt":{"rendered":"<p>Konsultointipalvelumme tarjoaa tietoj\u00e4rjestelmien tukipalveluita seuraaviin: Microsoftin palvelimet ja palvelinohjelmistot, Microsoftin ty\u00f6asemat ja niiss\u00e4 ajettavat sovellukset. Yritysten ja yhteis\u00f6jen l\u00e4hiverkon peruspalvelut ja l\u00e4hiverkon laitteet. Neuvoja PK-yritysten tarvitsemien palveluiden hankkimiseen. Osaan selitt\u00e4\u00e4 kustannusrakenteet ja tied\u00e4n hintatason tuotteille ja palveluille. Citrix-tuotteilla toimistosi on &hellip; <a href=\"https:\/\/terolaine.fi\/?page_id=191\">Continue reading <span class=\"meta-nav\">&rarr;<\/span><\/a><\/p>\n","protected":false},"author":1,"featured_media":0,"parent":0,"menu_order":1,"comment_status":"closed","ping_status":"closed","template":"onecolumn-page.php","meta":{"footnotes":""},"class_list":["post-191","page","type-page","status-publish","hentry"],"_links":{"self":[{"href":"https:\/\/terolaine.fi\/index.php?rest_route=\/wp\/v2\/pages\/191","targetHints":{"allow":["GET"]}}],"collection":[{"href":"https:\/\/terolaine.fi\/index.php?rest_route=\/wp\/v2\/pages"}],"about":[{"href":"https:\/\/terolaine.fi\/index.php?rest_route=\/wp\/v2\/types\/page"}],"author":[{"embeddable":true,"href":"https:\/\/terolaine.fi\/index.php?rest_route=\/wp\/v2\/users\/1"}],"replies":[{"embeddable":true,"href":"https:\/\/terolaine.fi\/index.php?rest_route=%2Fwp%2Fv2%2Fcomments&post=191"}],"version-history":[{"count":6,"href":"https:\/\/terolaine.fi\/index.php?rest_route=\/wp\/v2\/pages\/191\/revisions"}],"predecessor-version":[{"id":266,"href":"https:\/\/terolaine.fi\/index.php?rest_route=\/wp\/v2\/pages\/191\/revisions\/266"}],"wp:attachment":[{"href":"https:\/\/terolaine.fi\/index.php?rest_route=%2Fwp%2Fv2%2Fmedia&parent=191"}],"curies":[{"name":"wp","href":"https:\/\/api.w.org\/{rel}","templated":true}]}}