{"id":197,"date":"2016-03-14T17:22:09","date_gmt":"2016-03-14T15:22:09","guid":{"rendered":"http:\/\/www.terolaine.fi\/?page_id=197"},"modified":"2016-05-16T15:59:02","modified_gmt":"2016-05-16T13:59:02","slug":"koulutuspalvelut","status":"publish","type":"page","link":"https:\/\/terolaine.fi\/?page_id=197","title":{"rendered":"Koulutuspalvelut"},"content":{"rendered":"<p>Koulutuspalvelut ovat merkitt\u00e4v\u00e4 osa liiketoimintaamme. Citrixin koulutuspalveluita tuotamme yhteisty\u00f6ss\u00e4 hyv\u00e4ksyttyjen koulutuskeskusten kanssa.<\/p>\n<p>Loppuasiakkaillemme r\u00e4\u00e4t\u00e4l\u00f6imme tarpeita vastaavan k\u00e4ytt\u00f6\u00f6nottokoulutuksen. Myymme kumppaniemme Citrix-kursseja.<\/p>\n<p>Onko sinun organisaatiollasi koulutustarjontaa? Meill\u00e4 on pitk\u00e4 kokemus virtualisoitujen koulutusymp\u00e4rist\u00f6jen toteuttamisesta. Ota rohkeasti yhteytt\u00e4.<\/p>\n<p>&nbsp;<\/p>\n<p><a href=\"http:\/\/www.terolaine.fi\/wp-content\/uploads\/2016\/03\/logo-master-cci.png\" rel=\"attachment wp-att-246\"><img loading=\"lazy\" decoding=\"async\" class=\"alignnone size-full wp-image-246\" src=\"http:\/\/www.terolaine.fi\/wp-content\/uploads\/2016\/03\/logo-master-cci.png\" alt=\"logo-master-cci\" width=\"127\" height=\"127\" \/><\/a><\/p>\n<p>&nbsp;<\/p>\n","protected":false},"excerpt":{"rendered":"<p>Koulutuspalvelut ovat merkitt\u00e4v\u00e4 osa liiketoimintaamme. Citrixin koulutuspalveluita tuotamme yhteisty\u00f6ss\u00e4 hyv\u00e4ksyttyjen koulutuskeskusten kanssa. Loppuasiakkaillemme r\u00e4\u00e4t\u00e4l\u00f6imme tarpeita vastaavan k\u00e4ytt\u00f6\u00f6nottokoulutuksen. Myymme kumppaniemme Citrix-kursseja. Onko sinun organisaatiollasi koulutustarjontaa? Meill\u00e4 on pitk\u00e4 kokemus virtualisoitujen koulutusymp\u00e4rist\u00f6jen toteuttamisesta. Ota rohkeasti yhteytt\u00e4. &nbsp; &nbsp;<\/p>\n","protected":false},"author":1,"featured_media":0,"parent":0,"menu_order":2,"comment_status":"closed","ping_status":"closed","template":"onecolumn-page.php","meta":{"footnotes":""},"class_list":["post-197","page","type-page","status-publish","hentry"],"_links":{"self":[{"href":"https:\/\/terolaine.fi\/index.php?rest_route=\/wp\/v2\/pages\/197","targetHints":{"allow":["GET"]}}],"collection":[{"href":"https:\/\/terolaine.fi\/index.php?rest_route=\/wp\/v2\/pages"}],"about":[{"href":"https:\/\/terolaine.fi\/index.php?rest_route=\/wp\/v2\/types\/page"}],"author":[{"embeddable":true,"href":"https:\/\/terolaine.fi\/index.php?rest_route=\/wp\/v2\/users\/1"}],"replies":[{"embeddable":true,"href":"https:\/\/terolaine.fi\/index.php?rest_route=%2Fwp%2Fv2%2Fcomments&post=197"}],"version-history":[{"count":4,"href":"https:\/\/terolaine.fi\/index.php?rest_route=\/wp\/v2\/pages\/197\/revisions"}],"predecessor-version":[{"id":249,"href":"https:\/\/terolaine.fi\/index.php?rest_route=\/wp\/v2\/pages\/197\/revisions\/249"}],"wp:attachment":[{"href":"https:\/\/terolaine.fi\/index.php?rest_route=%2Fwp%2Fv2%2Fmedia&parent=197"}],"curies":[{"name":"wp","href":"https:\/\/api.w.org\/{rel}","templated":true}]}}