{"id":256,"date":"2018-07-19T13:29:39","date_gmt":"2018-07-19T11:29:39","guid":{"rendered":"http:\/\/www.terolaine.fi\/?page_id=256"},"modified":"2018-07-26T10:25:43","modified_gmt":"2018-07-26T08:25:43","slug":"yksityisyys","status":"publish","type":"page","link":"https:\/\/terolaine.fi\/?page_id=256","title":{"rendered":"Yksityisyys"},"content":{"rendered":"<h2>Henkil\u00f6tietojen k\u00e4sittely<\/h2>\n<p>Vieraillessasi t\u00e4ll\u00e4 sivulla saamme verkko-osoitteesi sek\u00e4 joitain selaimesi l\u00e4hett\u00e4mi\u00e4 tietoja. Mainitut tiedot ovat liki v\u00e4ltt\u00e4m\u00e4tt\u00f6mi\u00e4 tietoja verkkosivun esitt\u00e4miseksi. Saatamme k\u00e4ytt\u00e4\u00e4 tietoja tilastointiin.<\/p>\n<p>Jos soitat meille, saamme puhelinnumerosi. T\u00e4m\u00e4 puhelinnumero yhdistet\u00e4\u00e4n nimeesi, ty\u00f6nantajaasi, teht\u00e4v\u00e4\u00e4si organisaatiossasi, organisaatiosi osoitteeseen ja muihinkin yhteydenpitoon tarvittaviin tietoihin.<\/p>\n<p>L\u00e4hett\u00e4ess\u00e4si meille s\u00e4hk\u00f6postia, saamme v\u00e4litystiedot ja viestisi mahdollisine liitteineen. N\u00e4in ker\u00e4tty tieto yhdistet\u00e4\u00e4n nimeesi, ty\u00f6nantajaasi, teht\u00e4v\u00e4\u00e4si organisaatiossa, organisaatiosi osoitteeseen ja muihinkin yhteydenpitoon tarvittaviin tietoihin,<\/p>\n<h2>Tietojen jakaminen<\/h2>\n<p>Emme jaa ker\u00e4\u00e4mi\u00e4mme tietoja kolmansille osapuolille.<\/p>\n<h2>Tietojen s\u00e4ilytt\u00e4minen<\/h2>\n<p>S\u00e4ilyt\u00e4mme ker\u00e4ttyj\u00e4 tietoja parhaan ymm\u00e4rryksemme mukaisesti, luotettavaksi todetuissa ymp\u00e4rist\u00f6iss\u00e4. Tietoja s\u00e4ilytet\u00e4\u00e4n ikuisesti.<\/p>\n<h2>Sinun oikeutesi<\/h2>\n<p>Ker\u00e4\u00e4mme tietoja kaupallisen yhteydenpidon tarpeisiin. L\u00e4het\u00e4 s\u00e4hk\u00f6postia, jos et halua yhteydenottoja.<\/p>\n<h3><\/h3>\n","protected":false},"excerpt":{"rendered":"<p>Henkil\u00f6tietojen k\u00e4sittely Vieraillessasi t\u00e4ll\u00e4 sivulla saamme verkko-osoitteesi sek\u00e4 joitain selaimesi l\u00e4hett\u00e4mi\u00e4 tietoja. Mainitut tiedot ovat liki v\u00e4ltt\u00e4m\u00e4tt\u00f6mi\u00e4 tietoja verkkosivun esitt\u00e4miseksi. Saatamme k\u00e4ytt\u00e4\u00e4 tietoja tilastointiin. Jos soitat meille, saamme puhelinnumerosi. T\u00e4m\u00e4 puhelinnumero yhdistet\u00e4\u00e4n nimeesi, ty\u00f6nantajaasi, teht\u00e4v\u00e4\u00e4si organisaatiossasi, organisaatiosi osoitteeseen ja muihinkin &hellip; <a href=\"https:\/\/terolaine.fi\/?page_id=256\">Continue reading <span class=\"meta-nav\">&rarr;<\/span><\/a><\/p>\n","protected":false},"author":1,"featured_media":0,"parent":0,"menu_order":4,"comment_status":"closed","ping_status":"closed","template":"onecolumn-page.php","meta":{"footnotes":""},"class_list":["post-256","page","type-page","status-publish","hentry"],"_links":{"self":[{"href":"https:\/\/terolaine.fi\/index.php?rest_route=\/wp\/v2\/pages\/256","targetHints":{"allow":["GET"]}}],"collection":[{"href":"https:\/\/terolaine.fi\/index.php?rest_route=\/wp\/v2\/pages"}],"about":[{"href":"https:\/\/terolaine.fi\/index.php?rest_route=\/wp\/v2\/types\/page"}],"author":[{"embeddable":true,"href":"https:\/\/terolaine.fi\/index.php?rest_route=\/wp\/v2\/users\/1"}],"replies":[{"embeddable":true,"href":"https:\/\/terolaine.fi\/index.php?rest_route=%2Fwp%2Fv2%2Fcomments&post=256"}],"version-history":[{"count":3,"href":"https:\/\/terolaine.fi\/index.php?rest_route=\/wp\/v2\/pages\/256\/revisions"}],"predecessor-version":[{"id":259,"href":"https:\/\/terolaine.fi\/index.php?rest_route=\/wp\/v2\/pages\/256\/revisions\/259"}],"wp:attachment":[{"href":"https:\/\/terolaine.fi\/index.php?rest_route=%2Fwp%2Fv2%2Fmedia&parent=256"}],"curies":[{"name":"wp","href":"https:\/\/api.w.org\/{rel}","templated":true}]}}